{"id":1314,"date":"2022-08-26T07:20:04","date_gmt":"2022-08-26T07:20:04","guid":{"rendered":"https:\/\/keyboardtester.info\/chinh-sach-bao-mat\/"},"modified":"2023-02-09T11:18:53","modified_gmt":"2023-02-09T11:18:53","slug":"chinh-sach-bao-mat","status":"publish","type":"page","link":"https:\/\/keyboardtester.info\/vi\/chinh-sach-bao-mat\/","title":{"rendered":"Ch\u00ednh s\u00e1ch b\u1ea3o m\u1eadt"},"content":{"rendered":"\n<p>B\u1ea1n giao cho ch\u00fang t\u00f4i th\u00f4ng tin c\u00e1 nh\u00e2n c\u1ee7a b\u1ea1n b\u1ea5t c\u1ee9 khi n\u00e0o b\u1ea1n truy c\u1eadp c\u00e1c d\u1ecbch v\u1ee5 c\u1ee7a ch\u00fang t\u00f4i v\u00e0 duy\u1ec7t trang web c\u1ee7a ch\u00fang t\u00f4i, keyboardtester.info. S\u1ef1 ri\u00eang t\u01b0 c\u1ee7a b\u1ea1n r\u1ea5t quan tr\u1ecdng v\u1edbi ch\u00fang t\u00f4i. Quy\u1ec1n ri\u00eang t\u01b0 v\u00e0 b\u1ea3o m\u1eadt th\u00f4ng tin c\u00e1 nh\u00e2n c\u1ee7a b\u1ea1n r\u1ea5t quan tr\u1ecdng \u0111\u1ed1i v\u1edbi ch\u00fang t\u00f4i.<\/p>\n\n<p>Ch\u00fang t\u00f4i \u0111\u01b0a ra th\u00f4ng b\u00e1o n\u00e0y n\u00eau r\u00f5 c\u00e1c ch\u00ednh s\u00e1ch d\u1eef li\u1ec7u tr\u1ef1c tuy\u1ebfn c\u1ee7a ch\u00fang t\u00f4i v\u00e0 c\u00e1c quy\u1ebft \u0111\u1ecbnh b\u1ea1n c\u00f3 th\u1ec3 \u0111\u01b0a ra li\u00ean quan \u0111\u1ebfn vi\u1ec7c thu th\u1eadp v\u00e0 s\u1eed d\u1ee5ng th\u00f4ng tin c\u1ee7a b\u1ea1n \u0111\u1ec3 b\u1ea3o v\u1ec7 quy\u1ec1n ri\u00eang t\u01b0 c\u1ee7a b\u1ea1n t\u1ed1t h\u01a1n. Ch\u00fang t\u00f4i \u0111\u0103ng c\u1ea3nh b\u00e1o n\u00e0y \u1edf v\u1ecb tr\u00ed n\u1ed5i b\u1eadt tr\u00ean m\u1ed7i ph\u1ea7n c\u1ee7a trang web c\u1ee7a ch\u00fang t\u00f4i \u0111\u1ec3 d\u1ec5 d\u00e0ng kh\u00e1m ph\u00e1.<\/p>\n\n<p>B\u1ea1n n\u00ean \u0111\u1ecdc k\u1ef9 tuy\u00ean b\u1ed1 v\u1ec1 quy\u1ec1n ri\u00eang t\u01b0 n\u00e0y tr\u01b0\u1edbc khi quy\u1ebft \u0111\u1ecbnh c\u00f3 cung c\u1ea5p cho ch\u00fang t\u00f4i th\u00f4ng tin c\u00e1 nh\u00e2n c\u1ee7a b\u1ea1n hay kh\u00f4ng.<\/p>\n\n<h2 class=\"wp-block-heading\">Th\u00f4ng tin m\u00e0 ch\u00fang t\u00f4i thu th\u1eadp<\/h2>\n\n<p>Gi\u1ed1ng nh\u01b0 h\u1ea7u h\u1ebft c\u00e1c trang web, ch\u00fang t\u00f4i c\u0169ng thu th\u1eadp v\u00e0 s\u1eed d\u1ee5ng th\u00f4ng tin t\u00ecm th\u1ea5y trong t\u1ec7p nh\u1eadt k\u00fd m\u00e1y ch\u1ee7. Gi\u1ed1ng nh\u01b0 \u0111\u1ecba ch\u1ec9 IP (Giao th\u1ee9c Internet), Tr\u00ecnh duy\u1ec7t tr\u1ef1c tuy\u1ebfn b\u1ea1n \u0111\u00e3 s\u1eed d\u1ee5ng \u0111\u1ec3 truy c\u1eadp trang web c\u1ee7a ch\u00fang t\u00f4i (nh\u01b0 Microsoft Edge ho\u1eb7c Chrome), ng\u00e0y v\u00e0 gi\u1edd b\u1ea1n truy c\u1eadp c\u0169ng nh\u01b0 c\u00e1c trang web b\u1ea1n \u0111\u00e3 truy c\u1eadp \u0111\u1ec1u c\u00f3 trong n\u1ed9i dung c\u1ee7a t\u1ec7p nh\u1eadt k\u00fd.<\/p>\n\n<p>N\u00f3 l\u00e0 t\u00f9y ch\u1ecdn \u0111\u1ec3 g\u1eedi d\u1eef li\u1ec7u n\u00e0y. Sau khi g\u1eedi, th\u00f4ng tin \u0111\u01b0\u1ee3c l\u01b0u gi\u1eef trong c\u01a1 s\u1edf d\u1eef li\u1ec7u d\u00f9ng chung m\u00e0 ch\u00fang t\u00f4i l\u01b0u gi\u1eef. Nh\u1eefng d\u1eef li\u1ec7u n\u00e0y kh\u00f4ng bao g\u1ed3m b\u1ea5t k\u1ef3 chi ti\u1ebft c\u00e1 nh\u00e2n n\u00e0o, nh\u01b0 t\u00ean ho\u1eb7c n\u01a1i c\u01b0 tr\u00fa.<\/p>\n\n<h2 class=\"wp-block-heading\">&#8216;Cookies&#8217; l\u00e0 g\u00ec v\u00e0 ch\u00fang t\u00f4i s\u1eed d\u1ee5ng ch\u00fang nh\u01b0 th\u1ebf n\u00e0o?<\/h2>\n\n<p>N\u1ebfu b\u1ea1n ch\u1ea5p nh\u1eadn n\u00f3, m\u1ed9t trang web ho\u1eb7c nh\u00e0 cung c\u1ea5p d\u1ecbch v\u1ee5 c\u1ee7a n\u00f3 c\u00f3 th\u1ec3 chuy\u1ec3n m\u1ed9t t\u1ec7p nh\u1ecf \u0111\u01b0\u1ee3c g\u1ecdi l\u00e0 cookie v\u00e0o \u1ed5 c\u1ee9ng thi\u1ebft b\u1ecb c\u1ee7a b\u1ea1n. Cookie gi\u00fap m\u00e1y ch\u1ee7 c\u1ee7a trang web ho\u1eb7c nh\u00e0 cung c\u1ea5p d\u1ecbch v\u1ee5 x\u00e1c \u0111\u1ecbnh tr\u00ecnh duy\u1ec7t c\u1ee7a b\u1ea1n v\u00e0 thu th\u1eadp c\u0169ng nh\u01b0 ghi l\u1ea1i th\u00f4ng tin c\u1ee5 th\u1ec3.<\/p>\n\n<p>Cookie gi\u00fap ch\u00fang t\u00f4i hi\u1ec3u r\u00f5 h\u01a1n s\u1edf th\u00edch c\u1ee7a b\u1ea1n d\u1ef1a tr\u00ean ho\u1ea1t \u0111\u1ed9ng c\u1ee7a trang web trong qu\u00e1 kh\u1ee9 ho\u1eb7c hi\u1ec7n t\u1ea1i, cho ph\u00e9p ch\u00fang t\u00f4i cung c\u1ea5p cho b\u1ea1n c\u00e1c d\u1ecbch v\u1ee5 t\u1ed1t h\u01a1n.<\/p>\n\n<p>\u0110\u1ec3 cung c\u1ea5p c\u00e1c d\u1ecbch v\u1ee5 v\u00e0 tr\u1ea3i nghi\u1ec7m trang web n\u00e2ng cao trong t\u01b0\u01a1ng lai, ch\u00fang t\u00f4i c\u0169ng s\u1eed d\u1ee5ng cookie \u0111\u1ec3 h\u1ed7 tr\u1ee3 thu th\u1eadp d\u1eef li\u1ec7u t\u1ed5ng h\u1ee3p v\u1ec1 l\u01b0u l\u01b0\u1ee3ng truy c\u1eadp web v\u00e0 ho\u1ea1t \u0111\u1ed9ng c\u1ee7a ng\u01b0\u1eddi d\u00f9ng.<\/p>\n\n<h2 class=\"wp-block-heading\">Li\u00ean k\u1ebft c\u1ee7a b\u00ean th\u1ee9 ba<\/h2>\n\n<p>D\u1ecbch v\u1ee5 c\u00f3 th\u1ec3 bao g\u1ed3m qu\u1ea3ng c\u00e1o c\u1ee7a b\u00ean th\u1ee9 ba t\u1eeb c\u00e1c b\u00ean kh\u00f4ng li\u00ean quan k\u1ebft n\u1ed1i v\u1edbi c\u00e1c trang web, d\u1ecbch v\u1ee5 internet ho\u1eb7c thi\u1ebft b\u1ecb ph\u1ea7n m\u1ec1m kh\u00e1c. Ch\u00fang t\u00f4i kh\u00f4ng th\u1ec3 \u0111\u1ea3m b\u1ea3o t\u00ednh b\u1ea3o m\u1eadt v\u00e0 quy\u1ec1n ri\u00eang t\u01b0 c\u1ee7a b\u1ea5t k\u1ef3 th\u00f4ng tin n\u00e0o b\u1ea1n g\u1eedi cho b\u00ean th\u1ee9 ba.<\/p>\n\n<p>\u0110\u00f4i khi, theo l\u1ef1a ch\u1ecdn c\u1ee7a ch\u00fang t\u00f4i, ch\u00fang t\u00f4i c\u00f3 th\u1ec3 cung c\u1ea5p ho\u1eb7c \u0111\u01b0a v\u00e0o trang web c\u1ee7a ch\u00fang t\u00f4i h\u00e0ng h\u00f3a ho\u1eb7c d\u1ecbch v\u1ee5 c\u1ee7a b\u00ean th\u1ee9 ba. M\u1ed7i trang web b\u00ean ngo\u00e0i n\u00e0y \u0111\u1ec1u c\u00f3 c\u00e1c quy t\u1eafc b\u1ea3o m\u1eadt ri\u00eang. Do \u0111\u00f3, ch\u00fang t\u00f4i kh\u00f4ng ch\u1ecbu tr\u00e1ch nhi\u1ec7m ho\u1eb7c ch\u1ecbu tr\u00e1ch nhi\u1ec7m v\u1ec1 c\u00e1c h\u00e0nh \u0111\u1ed9ng ho\u1eb7c n\u1ed9i dung c\u1ee7a c\u00e1c trang web \u0111\u01b0\u1ee3c k\u1ebft n\u1ed1i n\u00e0y. Tuy nhi\u00ean, ch\u00fang t\u00f4i l\u00e0m vi\u1ec7c ch\u0103m ch\u1ec9 \u0111\u1ec3 duy tr\u00ec ch\u1ea5t l\u01b0\u1ee3ng trang web c\u1ee7a m\u00ecnh v\u00e0 \u0111\u00e1nh gi\u00e1 cao b\u1ea5t k\u1ef3 l\u1eddi ch\u1ec9 tr\u00edch n\u00e0o \u0111\u1ed1i v\u1edbi c\u00e1c trang web b\u00ean ngo\u00e0i n\u00e0y.<\/p>\n\n<h2 class=\"wp-block-heading\">B\u1ea3o m\u1eadt d\u1eef li\u1ec7u<\/h2>\n\n<p>Ch\u00fang t\u00f4i \u0111\u00e3 thi\u1ebft l\u1eadp c\u00e1c h\u1ec7 th\u1ed1ng v\u1eadt l\u00fd, c\u00f4ng ngh\u1ec7 v\u00e0 qu\u1ea3n l\u00fd ph\u00f9 h\u1ee3p \u0111\u1ec3 b\u1ea3o v\u1ec7 v\u00e0 x\u1eed l\u00fd th\u00f4ng tin ch\u00fang t\u00f4i thu th\u1eadp tr\u1ef1c tuy\u1ebfn nh\u1eb1m ng\u0103n ch\u1eb7n truy c\u1eadp tr\u00e1i ph\u00e9p, duy tr\u00ec \u0111\u1ed9 ch\u00ednh x\u00e1c c\u1ee7a d\u1eef li\u1ec7u v\u00e0 \u0111\u1ea3m b\u1ea3o vi\u1ec7c s\u1eed d\u1ee5ng th\u00f4ng tin chi ti\u1ebft \u0111\u00fang c\u00e1ch. Kh\u00e1ch truy c\u1eadp \u0111\u01b0\u1ee3c d\u1eabn \u0111\u1ebfn m\u1ed9t trang web an to\u00e0n khi cung c\u1ea5p d\u1eef li\u1ec7u c\u00e1 nh\u00e2n ho\u1eb7c d\u1eef li\u1ec7u nh\u1ea1y c\u1ea3m (th\u01b0\u1eddng l\u00e0 khi mua h\u00e0ng).<\/p>\n\n<p>\u0110\u1ec3 \u0111\u1ea3m b\u1ea3o b\u1ea3o v\u1ec7 m\u1ecdi chi ti\u1ebft ri\u00eang t\u01b0 m\u00e0 ch\u00fang t\u00f4i x\u1eed l\u00fd, ch\u00fang t\u00f4i \u0111\u00e3 \u00e1p d\u1ee5ng c\u00e1c bi\u1ec7n ph\u00e1p ph\u00f2ng ng\u1eeba an ninh k\u1ef9 thu\u1eadt v\u00e0 t\u1ed5 ch\u1ee9c c\u1ea7n thi\u1ebft. Nh\u01b0ng h\u00e3y nh\u1edb r\u1eb1ng ch\u00fang t\u00f4i kh\u00f4ng th\u1ec3 \u0111\u1ea3m b\u1ea3o r\u1eb1ng internet ho\u00e0n to\u00e0n an to\u00e0n.<\/p>\n\n<h2 class=\"wp-block-heading\">L\u00e0m c\u00e1ch n\u00e0o b\u1ea1n c\u00f3 th\u1ec3 xem, s\u1eeda \u0111\u1ed5i ho\u1eb7c x\u00f3a th\u00f4ng tin ch\u00fang t\u00f4i c\u00f3 v\u1ec1 b\u1ea1n?<\/h2>\n\n<p>B\u1ea1n c\u00f3 th\u1ec3 t\u00ecm ki\u1ebfm quy\u1ec1n truy c\u1eadp v\u00e0o c\u00e1c chi ti\u1ebft ri\u00eang t\u01b0 m\u00e0 ch\u00fang t\u00f4i thu th\u1eadp v\u1ec1 b\u1ea1n, th\u1ef1c hi\u1ec7n c\u00e1c thay \u0111\u1ed5i \u0111\u1ed1i v\u1edbi th\u00f4ng tin \u0111\u00f3 ho\u1eb7c trong m\u1ed9t s\u1ed1 tr\u01b0\u1eddng h\u1ee3p nh\u1ea5t \u0111\u1ecbnh, th\u00f4ng tin \u0111\u00f3 \u0111\u00e3 b\u1ecb x\u00f3a, t\u00f9y thu\u1ed9c v\u00e0o lu\u1eadt ph\u00e1p c\u1ee7a qu\u1ed1c gia c\u00f3 li\u00ean quan. Vui l\u00f2ng \u0111i\u1ec1n v\u00e0o m\u1eabu \u0111\u01a1n b\u1eb1ng c\u00e1ch nh\u1ea5p v\u00e0o li\u00ean k\u1ebft sau n\u1ebfu b\u1ea1n mu\u1ed1n y\u00eau c\u1ea7u ki\u1ec3m tra, c\u1eadp nh\u1eadt ho\u1eb7c x\u00f3a th\u00f4ng tin c\u00e1 nh\u00e2n c\u1ee7a m\u00ecnh. Trong v\u00f2ng 30 ng\u00e0y, ch\u00fang t\u00f4i s\u1ebd ph\u1ea3n h\u1ed3i y\u00eau c\u1ea7u c\u1ee7a b\u1ea1n.<\/p>\n\n<p>\u0110\u1ec3 bi\u1ebft b\u1ea5t k\u1ef3 th\u00f4ng tin n\u00e0o, vui l\u00f2ng truy c\u1eadp trang <a href=\"https:\/\/keyboardtester.info\/vi\/?page_id=1262\" target=\"_blank\" rel=\"noreferrer noopener\">\u0111i\u1ec1u kho\u1ea3n &amp; \u0111i\u1ec1u ki\u1ec7n<\/a> v\u00e0 trang gi\u1edbi thi\u1ec7u <a href=\"https:\/\/keyboardtester.info\/vi\/?page_id=1221\" target=\"_blank\" rel=\"noreferrer noopener\">v\u1ec1 ch\u00fang t\u00f4i<\/a> , n\u1ebfu b\u1ea1n mu\u1ed1n s\u1eed d\u1ee5ng c\u00f4ng c\u1ee5 n\u00e0y, vui l\u00f2ng truy c\u1eadp <a href=\"https:\/\/keyboardtester.info\/vi\/\" target=\"_blank\" rel=\"noreferrer noopener\">Tr\u00ecnh ki\u1ec3m tra b\u00e0n ph\u00edm<\/a> v\u00e0 n\u1ebfu c\u00f3 b\u1ea5t k\u1ef3 c\u00e2u h\u1ecfi n\u00e0o, b\u1ea1n c\u00f3 th\u1ec3 <a href=\"https:\/\/keyboardtester.info\/vi\/?page_id=1100\" target=\"_blank\" rel=\"noreferrer noopener\">li\u00ean h\u1ec7 v\u1edbi ch\u00fang t\u00f4i<\/a> .<\/p>\n","protected":false},"excerpt":{"rendered":"<p>B\u1ea1n giao cho ch\u00fang t\u00f4i th\u00f4ng tin c\u00e1 nh\u00e2n c\u1ee7a b\u1ea1n b\u1ea5t c\u1ee9 khi n\u00e0o b\u1ea1n truy c\u1eadp c\u00e1c d\u1ecbch &#8230; <\/p>\n<p class=\"read-more-container\"><a title=\"Ch\u00ednh s\u00e1ch b\u1ea3o m\u1eadt\" class=\"read-more button\" href=\"https:\/\/keyboardtester.info\/vi\/chinh-sach-bao-mat\/#more-1314\" aria-label=\"More on Ch\u00ednh s\u00e1ch b\u1ea3o m\u1eadt\">Read more<\/a><\/p>\n","protected":false},"author":1,"featured_media":0,"parent":0,"menu_order":0,"comment_status":"closed","ping_status":"closed","template":"","meta":{"footnotes":""},"class_list":["post-1314","page","type-page","status-publish"],"rankMath":{"parentDomain":"keyboardtester.info","noFollowDomains":[],"noFollowExcludeDomains":[],"noFollowExternalLinks":false,"featuredImageNotice":"The featured image should be at least 200 by 200 pixels to be picked up by Facebook and other social media sites.","pluginReviewed":false,"postSettings":{"linkSuggestions":true,"useFocusKeyword":false},"frontEndScore":false,"postName":"chinh-sach-bao-mat","permalinkFormat":"https:\/\/keyboardtester.info\/vi\/%pagename%\/","showLockModifiedDate":true,"assessor":{"focusKeywordLink":"https:\/\/keyboardtester.info\/wp-admin\/edit.php?focus_keyword=%focus_keyword%&post_type=%post_type%","hasTOCPlugin":{"kadence-blocks\/kadence-blocks.php":"Kadence Blocks","table-of-contents-plus\/toc.php":"Table of Contents Plus"},"primaryTaxonomy":false,"serpData":{"title":"","description":"","focusKeywords":"Ch\u00ednh s\u00e1ch b\u1ea3o m\u1eadt","pillarContent":false,"canonicalUrl":"","breadcrumbTitle":"","advancedRobots":{"max-snippet":"-1","max-video-preview":"-1","max-image-preview":"large"},"facebookTitle":"","facebookDescription":"","facebookImage":"","facebookImageID":"","facebookHasOverlay":false,"facebookImageOverlay":"","facebookAuthor":"","twitterCardType":"","twitterUseFacebook":true,"twitterTitle":"","twitterDescription":"","twitterImage":"","twitterImageID":"","twitterHasOverlay":false,"twitterImageOverlay":"","twitterPlayerUrl":"","twitterPlayerSize":"","twitterPlayerStream":"","twitterPlayerStreamCtype":"","twitterAppDescription":"","twitterAppIphoneName":"","twitterAppIphoneID":"","twitterAppIphoneUrl":"","twitterAppIpadName":"","twitterAppIpadID":"","twitterAppIpadUrl":"","twitterAppGoogleplayName":"","twitterAppGoogleplayID":"","twitterAppGoogleplayUrl":"","twitterAppCountry":"","robots":{"index":true},"twitterAuthor":"username","primaryTerm":0,"authorName":"admin","titleTemplate":"%title%","descriptionTemplate":"%excerpt%","showScoreFrontend":true,"lockModifiedDate":false},"powerWords":[],"diacritics":{"A":"[\\u0041\\u24B6\\uFF21\\u00C0\\u00C1\\u00C2\\u1EA6\\u1EA4\\u1EAA\\u1EA8\\u00C3\\u0100\\u0102\\u1EB0\\u1EAE\\u1EB4\\u1EB2\\u0226\\u01E0\\u00C4\\u01DE\\u1EA2\\u00C5\\u01FA\\u01CD\\u0200\\u0202\\u1EA0\\u1EAC\\u1EB6\\u1E00\\u0104\\u023A\\u2C6F]","AA":"[\\uA732]","AE":"[\\u00C6\\u01FC\\u01E2]","AO":"[\\uA734]","AU":"[\\uA736]","AV":"[\\uA738\\uA73A]","AY":"[\\uA73C]","B":"[\\u0042\\u24B7\\uFF22\\u1E02\\u1E04\\u1E06\\u0243\\u0182\\u0181]","C":"[\\u0043\\u24B8\\uFF23\\u0106\\u0108\\u010A\\u010C\\u00C7\\u1E08\\u0187\\u023B\\uA73E]","D":"[\\u0044\\u24B9\\uFF24\\u1E0A\\u010E\\u1E0C\\u1E10\\u1E12\\u1E0E\\u0110\\u018B\\u018A\\u0189\\uA779]","DZ":"[\\u01F1\\u01C4]","Dz":"[\\u01F2\\u01C5]","E":"[\\u0045\\u24BA\\uFF25\\u00C8\\u00C9\\u00CA\\u1EC0\\u1EBE\\u1EC4\\u1EC2\\u1EBC\\u0112\\u1E14\\u1E16\\u0114\\u0116\\u00CB\\u1EBA\\u011A\\u0204\\u0206\\u1EB8\\u1EC6\\u0228\\u1E1C\\u0118\\u1E18\\u1E1A\\u0190\\u018E]","F":"[\\u0046\\u24BB\\uFF26\\u1E1E\\u0191\\uA77B]","G":"[\\u0047\\u24BC\\uFF27\\u01F4\\u011C\\u1E20\\u011E\\u0120\\u01E6\\u0122\\u01E4\\u0193\\uA7A0\\uA77D\\uA77E]","H":"[\\u0048\\u24BD\\uFF28\\u0124\\u1E22\\u1E26\\u021E\\u1E24\\u1E28\\u1E2A\\u0126\\u2C67\\u2C75\\uA78D]","I":"[\\u0049\\u24BE\\uFF29\\u00CC\\u00CD\\u00CE\\u0128\\u012A\\u012C\\u0130\\u00CF\\u1E2E\\u1EC8\\u01CF\\u0208\\u020A\\u1ECA\\u012E\\u1E2C\\u0197]","J":"[\\u004A\\u24BF\\uFF2A\\u0134\\u0248]","K":"[\\u004B\\u24C0\\uFF2B\\u1E30\\u01E8\\u1E32\\u0136\\u1E34\\u0198\\u2C69\\uA740\\uA742\\uA744\\uA7A2]","L":"[\\u004C\\u24C1\\uFF2C\\u013F\\u0139\\u013D\\u1E36\\u1E38\\u013B\\u1E3C\\u1E3A\\u0141\\u023D\\u2C62\\u2C60\\uA748\\uA746\\uA780]","LJ":"[\\u01C7]","Lj":"[\\u01C8]","M":"[\\u004D\\u24C2\\uFF2D\\u1E3E\\u1E40\\u1E42\\u2C6E\\u019C]","N":"[\\u004E\\u24C3\\uFF2E\\u01F8\\u0143\\u00D1\\u1E44\\u0147\\u1E46\\u0145\\u1E4A\\u1E48\\u0220\\u019D\\uA790\\uA7A4]","NJ":"[\\u01CA]","Nj":"[\\u01CB]","O":"[\\u004F\\u24C4\\uFF2F\\u00D2\\u00D3\\u00D4\\u1ED2\\u1ED0\\u1ED6\\u1ED4\\u00D5\\u1E4C\\u022C\\u1E4E\\u014C\\u1E50\\u1E52\\u014E\\u022E\\u0230\\u00D6\\u022A\\u1ECE\\u0150\\u01D1\\u020C\\u020E\\u01A0\\u1EDC\\u1EDA\\u1EE0\\u1EDE\\u1EE2\\u1ECC\\u1ED8\\u01EA\\u01EC\\u00D8\\u01FE\\u0186\\u019F\\uA74A\\uA74C]","OI":"[\\u01A2]","OO":"[\\uA74E]","OU":"[\\u0222]","P":"[\\u0050\\u24C5\\uFF30\\u1E54\\u1E56\\u01A4\\u2C63\\uA750\\uA752\\uA754]","Q":"[\\u0051\\u24C6\\uFF31\\uA756\\uA758\\u024A]","R":"[\\u0052\\u24C7\\uFF32\\u0154\\u1E58\\u0158\\u0210\\u0212\\u1E5A\\u1E5C\\u0156\\u1E5E\\u024C\\u2C64\\uA75A\\uA7A6\\uA782]","S":"[\\u0053\\u24C8\\uFF33\\u1E9E\\u015A\\u1E64\\u015C\\u1E60\\u0160\\u1E66\\u1E62\\u1E68\\u0218\\u015E\\u2C7E\\uA7A8\\uA784]","T":"[\\u0054\\u24C9\\uFF34\\u1E6A\\u0164\\u1E6C\\u021A\\u0162\\u1E70\\u1E6E\\u0166\\u01AC\\u01AE\\u023E\\uA786]","TZ":"[\\uA728]","U":"[\\u0055\\u24CA\\uFF35\\u00D9\\u00DA\\u00DB\\u0168\\u1E78\\u016A\\u1E7A\\u016C\\u00DC\\u01DB\\u01D7\\u01D5\\u01D9\\u1EE6\\u016E\\u0170\\u01D3\\u0214\\u0216\\u01AF\\u1EEA\\u1EE8\\u1EEE\\u1EEC\\u1EF0\\u1EE4\\u1E72\\u0172\\u1E76\\u1E74\\u0244]","V":"[\\u0056\\u24CB\\uFF36\\u1E7C\\u1E7E\\u01B2\\uA75E\\u0245]","VY":"[\\uA760]","W":"[\\u0057\\u24CC\\uFF37\\u1E80\\u1E82\\u0174\\u1E86\\u1E84\\u1E88\\u2C72]","X":"[\\u0058\\u24CD\\uFF38\\u1E8A\\u1E8C]","Y":"[\\u0059\\u24CE\\uFF39\\u1EF2\\u00DD\\u0176\\u1EF8\\u0232\\u1E8E\\u0178\\u1EF6\\u1EF4\\u01B3\\u024E\\u1EFE]","Z":"[\\u005A\\u24CF\\uFF3A\\u0179\\u1E90\\u017B\\u017D\\u1E92\\u1E94\\u01B5\\u0224\\u2C7F\\u2C6B\\uA762]","a":"[\\u0061\\u24D0\\uFF41\\u1E9A\\u00E0\\u00E1\\u00E2\\u1EA7\\u1EA5\\u1EAB\\u1EA9\\u00E3\\u0101\\u0103\\u1EB1\\u1EAF\\u1EB5\\u1EB3\\u0227\\u01E1\\u00E4\\u01DF\\u1EA3\\u00E5\\u01FB\\u01CE\\u0201\\u0203\\u1EA1\\u1EAD\\u1EB7\\u1E01\\u0105\\u2C65\\u0250]","aa":"[\\uA733]","ae":"[\\u00E6\\u01FD\\u01E3]","ao":"[\\uA735]","au":"[\\uA737]","av":"[\\uA739\\uA73B]","ay":"[\\uA73D]","b":"[\\u0062\\u24D1\\uFF42\\u1E03\\u1E05\\u1E07\\u0180\\u0183\\u0253]","c":"[\\u0063\\u24D2\\uFF43\\u0107\\u0109\\u010B\\u010D\\u00E7\\u1E09\\u0188\\u023C\\uA73F\\u2184]","d":"[\\u0064\\u24D3\\uFF44\\u1E0B\\u010F\\u1E0D\\u1E11\\u1E13\\u1E0F\\u0111\\u018C\\u0256\\u0257\\uA77A]","dz":"[\\u01F3\\u01C6]","e":"[\\u0065\\u24D4\\uFF45\\u00E8\\u00E9\\u00EA\\u1EC1\\u1EBF\\u1EC5\\u1EC3\\u1EBD\\u0113\\u1E15\\u1E17\\u0115\\u0117\\u00EB\\u1EBB\\u011B\\u0205\\u0207\\u1EB9\\u1EC7\\u0229\\u1E1D\\u0119\\u1E19\\u1E1B\\u0247\\u025B\\u01DD]","f":"[\\u0066\\u24D5\\uFF46\\u1E1F\\u0192\\uA77C]","g":"[\\u0067\\u24D6\\uFF47\\u01F5\\u011D\\u1E21\\u011F\\u0121\\u01E7\\u0123\\u01E5\\u0260\\uA7A1\\u1D79\\uA77F]","h":"[\\u0068\\u24D7\\uFF48\\u0125\\u1E23\\u1E27\\u021F\\u1E25\\u1E29\\u1E2B\\u1E96\\u0127\\u2C68\\u2C76\\u0265]","hv":"[\\u0195]","i":"[\\u0069\\u24D8\\uFF49\\u00EC\\u00ED\\u00EE\\u0129\\u012B\\u012D\\u00EF\\u1E2F\\u1EC9\\u01D0\\u0209\\u020B\\u1ECB\\u012F\\u1E2D\\u0268\\u0131]","j":"[\\u006A\\u24D9\\uFF4A\\u0135\\u01F0\\u0249]","k":"[\\u006B\\u24DA\\uFF4B\\u1E31\\u01E9\\u1E33\\u0137\\u1E35\\u0199\\u2C6A\\uA741\\uA743\\uA745\\uA7A3]","l":"[\\u006C\\u24DB\\uFF4C\\u0140\\u013A\\u013E\\u1E37\\u1E39\\u013C\\u1E3D\\u1E3B\\u017F\\u0142\\u019A\\u026B\\u2C61\\uA749\\uA781\\uA747]","lj":"[\\u01C9]","m":"[\\u006D\\u24DC\\uFF4D\\u1E3F\\u1E41\\u1E43\\u0271\\u026F]","n":"[\\u006E\\u24DD\\uFF4E\\u01F9\\u0144\\u00F1\\u1E45\\u0148\\u1E47\\u0146\\u1E4B\\u1E49\\u019E\\u0272\\u0149\\uA791\\uA7A5]","nj":"[\\u01CC]","o":"[\\u006F\\u24DE\\uFF4F\\u00F2\\u00F3\\u00F4\\u1ED3\\u1ED1\\u1ED7\\u1ED5\\u00F5\\u1E4D\\u022D\\u1E4F\\u014D\\u1E51\\u1E53\\u014F\\u022F\\u0231\\u00F6\\u022B\\u1ECF\\u0151\\u01D2\\u020D\\u020F\\u01A1\\u1EDD\\u1EDB\\u1EE1\\u1EDF\\u1EE3\\u1ECD\\u1ED9\\u01EB\\u01ED\\u00F8\\u01FF\\u0254\\uA74B\\uA74D\\u0275]","oi":"[\\u01A3]","ou":"[\\u0223]","oo":"[\\uA74F]","p":"[\\u0070\\u24DF\\uFF50\\u1E55\\u1E57\\u01A5\\u1D7D\\uA751\\uA753\\uA755]","q":"[\\u0071\\u24E0\\uFF51\\u024B\\uA757\\uA759]","r":"[\\u0072\\u24E1\\uFF52\\u0155\\u1E59\\u0159\\u0211\\u0213\\u1E5B\\u1E5D\\u0157\\u1E5F\\u024D\\u027D\\uA75B\\uA7A7\\uA783]","s":"[\\u0073\\u24E2\\uFF53\\u015B\\u1E65\\u015D\\u1E61\\u0161\\u1E67\\u1E63\\u1E69\\u0219\\u015F\\u023F\\uA7A9\\uA785\\u1E9B]","ss":"[\\u00DF]","t":"[\\u0074\\u24E3\\uFF54\\u1E6B\\u1E97\\u0165\\u1E6D\\u021B\\u0163\\u1E71\\u1E6F\\u0167\\u01AD\\u0288\\u2C66\\uA787]","tz":"[\\uA729]","u":"[\\u0075\\u24E4\\uFF55\\u00F9\\u00FA\\u00FB\\u0169\\u1E79\\u016B\\u1E7B\\u016D\\u00FC\\u01DC\\u01D8\\u01D6\\u01DA\\u1EE7\\u016F\\u0171\\u01D4\\u0215\\u0217\\u01B0\\u1EEB\\u1EE9\\u1EEF\\u1EED\\u1EF1\\u1EE5\\u1E73\\u0173\\u1E77\\u1E75\\u0289]","v":"[\\u0076\\u24E5\\uFF56\\u1E7D\\u1E7F\\u028B\\uA75F\\u028C]","vy":"[\\uA761]","w":"[\\u0077\\u24E6\\uFF57\\u1E81\\u1E83\\u0175\\u1E87\\u1E85\\u1E98\\u1E89\\u2C73]","x":"[\\u0078\\u24E7\\uFF58\\u1E8B\\u1E8D]","y":"[\\u0079\\u24E8\\uFF59\\u1EF3\\u00FD\\u0177\\u1EF9\\u0233\\u1E8F\\u00FF\\u1EF7\\u1E99\\u1EF5\\u01B4\\u024F\\u1EFF]","z":"[\\u007A\\u24E9\\uFF5A\\u017A\\u1E91\\u017C\\u017E\\u1E93\\u1E95\\u01B6\\u0225\\u0240\\u2C6C\\uA763]"},"researchesTests":["contentHasTOC","contentHasShortParagraphs","contentHasAssets","keywordInTitle","keywordInMetaDescription","keywordInPermalink","keywordIn10Percent","keywordInContent","keywordInSubheadings","keywordInImageAlt","keywordDensity","keywordNotUsed","lengthContent","lengthPermalink","linksHasInternal","linksHasExternals","linksNotAllExternals","titleStartWithKeyword","titleSentiment","titleHasPowerWords","titleHasNumber","hasContentAI"],"hasRedirection":true,"hasBreadcrumb":false},"homeUrl":"https:\/\/keyboardtester.info\/vi\/","objectID":1314,"objectType":"post","locale":"vi","localeFull":"vi_VN","overlayImages":{"play":{"name":"Play icon","url":"https:\/\/keyboardtester.info\/wp-content\/plugins\/seo-by-rank-math\/assets\/admin\/img\/icon-play.png","path":"\/www\/wwwroot\/keyboardtester.space\/wp-content\/plugins\/seo-by-rank-math\/assets\/admin\/img\/icon-play.png","position":"middle_center"},"gif":{"name":"GIF icon","url":"https:\/\/keyboardtester.info\/wp-content\/plugins\/seo-by-rank-math\/assets\/admin\/img\/icon-gif.png","path":"\/www\/wwwroot\/keyboardtester.space\/wp-content\/plugins\/seo-by-rank-math\/assets\/admin\/img\/icon-gif.png","position":"middle_center"}},"defautOgImage":"https:\/\/keyboardtester.info\/wp-content\/plugins\/seo-by-rank-math\/assets\/admin\/img\/social-placeholder.jpg","customPermalinks":true,"isUserRegistered":false,"autoSuggestKeywords":false,"connectSiteUrl":"https:\/\/rankmath.com\/auth?site=https%3A%2F%2Fkeyboardtester.info%2Fvi%2F&r=https%3A%2F%2Fkeyboardtester.info%2Fvi%2Fwp-json%2Fwp%2Fv2%2Fpages%2F1314%3Fnonce%3D71d3534b44","maxTags":5,"trendsIcon":"<svg viewBox=\"0 0 610 610\"><path d=\"M18.85,446,174.32,290.48l58.08,58.08L76.93,504a14.54,14.54,0,0,1-20.55,0L18.83,466.48a14.54,14.54,0,0,1,0-20.55Z\" style=\"fill:#4285f4\"\/><path d=\"M242.65,242.66,377.59,377.6l-47.75,47.75a14.54,14.54,0,0,1-20.55,0L174.37,290.43l47.75-47.75A14.52,14.52,0,0,1,242.65,242.66Z\" style=\"fill:#ea4335\"\/><polygon points=\"319.53 319.53 479.26 159.8 537.34 217.88 377.61 377.62 319.53 319.53\" style=\"fill:#fabb05\"\/><path d=\"M594.26,262.73V118.61h0a16.94,16.94,0,0,0-16.94-16.94H433.2a16.94,16.94,0,0,0-12,28.92L565.34,274.71h0a16.94,16.94,0,0,0,28.92-12Z\" style=\"fill:#34a853\"\/><rect width=\"610\" height=\"610\" style=\"fill:none\"\/><\/svg>","showScore":true,"siteFavIcon":"https:\/\/keyboardtester.info\/wp-content\/uploads\/2022\/09\/cropped-Untitled-design-6-32x32.png","canUser":{"general":false,"advanced":false,"snippet":false,"social":false,"analysis":false,"analytics":false,"content_ai":false},"showKeywordIntent":true,"isPro":false,"is_front_page":false,"trendsUpgradeLink":"https:\/\/rankmath.com\/pricing\/?utm_source=Plugin&utm_medium=CE%20General%20Tab%20Trends&utm_campaign=WP","trendsUpgradeLabel":"Upgrade","trendsPreviewImage":"https:\/\/keyboardtester.info\/wp-content\/plugins\/seo-by-rank-math\/assets\/admin\/img\/trends-preview.jpg","currentEditor":false,"homepageData":{"assessor":{"powerWords":[],"diacritics":true,"researchesTests":["contentHasTOC","contentHasShortParagraphs","contentHasAssets","keywordInTitle","keywordInMetaDescription","keywordInPermalink","keywordIn10Percent","keywordInContent","keywordInSubheadings","keywordInImageAlt","keywordDensity","keywordNotUsed","lengthContent","lengthPermalink","linksHasInternal","linksHasExternals","linksNotAllExternals","titleStartWithKeyword","titleSentiment","titleHasPowerWords","titleHasNumber","hasContentAI"],"hasBreadcrumb":false,"serpData":{"title":"%sitename% %page% %sep% %sitedesc%","description":"","titleTemplate":"%sitename% %page% %sep% %sitedesc%","descriptionTemplate":"","focusKeywords":"","breadcrumbTitle":"Home","robots":{"index":true},"advancedRobots":{"max-snippet":"-1","max-video-preview":"-1","max-image-preview":"large"},"facebookTitle":"","facebookDescription":"","facebookImage":"","facebookImageID":""}}},"tocTitle":"Table of Contents","tocExcludeHeadings":[],"listStyle":"ul"},"_links":{"self":[{"href":"https:\/\/keyboardtester.info\/vi\/wp-json\/wp\/v2\/pages\/1314","targetHints":{"allow":["GET"]}}],"collection":[{"href":"https:\/\/keyboardtester.info\/vi\/wp-json\/wp\/v2\/pages"}],"about":[{"href":"https:\/\/keyboardtester.info\/vi\/wp-json\/wp\/v2\/types\/page"}],"author":[{"embeddable":true,"href":"https:\/\/keyboardtester.info\/vi\/wp-json\/wp\/v2\/users\/1"}],"replies":[{"embeddable":true,"href":"https:\/\/keyboardtester.info\/vi\/wp-json\/wp\/v2\/comments?post=1314"}],"version-history":[{"count":2,"href":"https:\/\/keyboardtester.info\/vi\/wp-json\/wp\/v2\/pages\/1314\/revisions"}],"predecessor-version":[{"id":1332,"href":"https:\/\/keyboardtester.info\/vi\/wp-json\/wp\/v2\/pages\/1314\/revisions\/1332"}],"wp:attachment":[{"href":"https:\/\/keyboardtester.info\/vi\/wp-json\/wp\/v2\/media?parent=1314"}],"curies":[{"name":"wp","href":"https:\/\/api.w.org\/{rel}","templated":true}]}}